{"id":82,"date":"2022-10-31T17:38:33","date_gmt":"2022-10-31T16:38:33","guid":{"rendered":"http:\/\/gdakdent.pl\/?page_id=82"},"modified":"2026-05-06T13:50:52","modified_gmt":"2026-05-06T11:50:52","slug":"cennik","status":"publish","type":"page","link":"https:\/\/gdakdent.pl\/index.php\/cennik\/","title":{"rendered":"Cennik"},"content":{"rendered":"<p>[et_pb_section fb_built=\u201c1\u201d _builder_version=\u201c4.19.5\u201d _module_preset=\u201cdefault\u201d custom_margin=\u201c150px||120px||false|false\u201d custom_margin_tablet=\u201c60px||120px||false|false\u201d custom_margin_phone=\u201c0px||30px||false|false\u201d custom_margin_last_edited=\u201con|desktop\u201d global_colors_info=\u201d{}\u201d][et_pb_row column_structure=\u201c1_2,1_2\u201d use_custom_gutter=\u201con\u201d make_equal=\u201con\u201d disabled_on=\u201con|on|off\u201d _builder_version=\u201c4.19.5\u201d _module_preset=\u201cdefault\u201d custom_margin=\u201c0px|auto|0px|auto|false|false\u201d global_colors_info=\u201d{}\u201d][et_pb_column type=\u201c1_2\u201d _builder_version=\u201c4.19.5\u201d _module_preset=\u201cdefault\u201d global_colors_info=\u201d{}\u201d][et_pb_text _builder_version=\u201c4.18.1\u201d _module_preset=\u201cdefault\u201d header_font=\u201d|800|||||||\u201d header_font_size=\u201c65px\u201d header_line_height=\u201c72px\u201d custom_margin=\u201d||90px||false|false\u201d custom_css_main_element=\u201cfont-family: halcom,sans-serif;||font-weight: 900;||font-style: nor\u00admal;\u201d global_colors_info=\u201d{}\u201d]<\/p>\n<h1>Cennik<\/h1>\n<p>[\/et_pb_text][\/et_pb_column][et_pb_column type=\u201c1_2\u201d _builder_version=\u201c4.19.5\u201d _module_preset=\u201cdefault\u201d global_colors_info=\u201d{}\u201d][\/et_pb_column][\/et_pb_row][et_pb_row use_custom_gutter=\u201con\u201d make_equal=\u201con\u201d disabled_on=\u201coff|off|on\u201d _builder_version=\u201c4.19.5\u201d _module_preset=\u201cdefault\u201d custom_margin=\u201c0px|auto|0px|auto|false|false\u201d custom_padding=\u201c0px||0px|||\u201d global_colors_info=\u201d{}\u201d][et_pb_column type=\u201c4_4\u201d _builder_version=\u201c4.19.5\u201d _module_preset=\u201cdefault\u201d global_colors_info=\u201d{}\u201d][et_pb_text _builder_version=\u201c4.19.5\u201d _module_preset=\u201cdefault\u201d header_font=\u201d|800|||||||\u201d header_font_size=\u201c65px\u201d header_line_height=\u201c72px\u201d custom_margin=\u201d||0px||false|false\u201d custom_css_main_element=\u201cfont-family: halcom,sans-serif;||font-weight: 900;||font-style: nor\u00admal;\u201d global_colors_info=\u201d{}\u201d]<\/p>\n<h1>Cennik<\/h1>\n<p>[\/et_pb_text][\/et_pb_column][\/et_pb_row][et_pb_row column_structure=\u201c1_2,1_2\u201d use_custom_gutter=\u201con\u201d make_equal=\u201con\u201d _builder_version=\u201c4.19.0\u201d _module_preset=\u201cdefault\u201d custom_margin=\u201c0px|auto|0px|auto|false|false\u201d custom_padding=\u201c30px||30px||false|false\u201d global_colors_info=\u201d{}\u201d][et_pb_column type=\u201c1_2\u201d _builder_version=\u201c4.18.1\u201d _module_preset=\u201cdefault\u201d global_colors_info=\u201d{}\u201d][et_pb_text _builder_version=\u201c4.19.2\u201d _module_preset=\u201cdefault\u201d header_font=\u201d|800|||||||\u201d header_font_size=\u201c65px\u201d header_line_height=\u201c72px\u201d header_3_font=\u201d|600|||||||\u201d header_3_font_size=\u201c28px\u201d header_3_line_height=\u201c34px\u201d custom_css_main_element=\u201cfont-family: halcom,sans-serif;||font-weight: 400;||font-style: nor\u00admal;\u201d global_colors_info=\u201d{}\u201d]<\/p>\n<p>Przyj\u00admu\u00adje\u00admy p\u0142at\u00adno\u00ad\u015bci kar\u00adt\u0105, doli\u00adcza\u00admy 5% pro\u00adwi\u00adzji do ka\u017c\u00addej trans\u00adak\u00adcji.<br>Przyj\u00admu\u00adje\u00admy pacjen\u00adt\u00f3w od 12 roku&nbsp;\u017cycia.<\/p>\n<p>[\/et_pb_text][\/et_pb_column][et_pb_column type=\u201c1_2\u201d _builder_version=\u201c4.18.1\u201d _module_preset=\u201cdefault\u201d global_colors_info=\u201d{}\u201d][\/et_pb_column][\/et_pb_row][et_pb_row use_custom_gutter=\u201con\u201d make_equal=\u201con\u201d _builder_version=\u201c4.19.5\u201d _module_preset=\u201cdefault\u201d width_tablet=\u201d\u201d width_phone=\u201c100%\u201d width_last_edited=\u201con|phone\u201d max_width_tablet=\u201d\u201d max_width_phone=\u201c100%\u201d max_width_last_edited=\u201con|phone\u201d custom_margin=\u201c0px|auto|0px|auto|false|false\u201d custom_padding=\u201c30px||30px||false|false\u201d global_colors_info=\u201d{}\u201d][et_pb_column type=\u201c4_4\u201d _builder_version=\u201c4.18.1\u201d _module_preset=\u201cdefault\u201d global_colors_info=\u201d{}\u201d][et_pb_toggle title=\u201cZabiegi og\u00f3l\u00adne\u201d open_toggle_text_color=\u201c#000000\u201d open_toggle_background_color=\u201d#FFFFFF\u201d closed_toggle_text_color=\u201d#FFFFFF\u201d closed_toggle_background_color=\u201c#cab199\u201d icon_color=\u201d#FFFFFF\u201d open_icon_color=\u201c#000000\u201d module_class=\u201ccennik\u201d _builder_version=\u201c4.24.0\u201d _module_preset=\u201cdefault\u201d title_text_color=\u201c#000000\u201d title_font=\u201d|700|||||||\u201d title_font_size=\u201c31px\u201d title_line_height=\u201c32px\u201d body_font=\u201d|300|||||||\u201d hover_enabled=\u201c0\u201d custom_css_main_element=\u201cfont-family: halcom,sans-serif;||font-style: normal;||transition: .3s ease-in-out;\u201d border_width_all=\u201c0px\u201d border_style_all=\u201cnone\u201d global_colors_info=\u201d{}\u201d sticky_enabled=\u201c0\u201d]<\/p>\n<p>&nbsp;<\/p>\n<table width=\"304\" height=\"135\">\n<tbody>\n<tr>\n<td style=\"width: 245.297px;\"><\/td>\n<td style=\"width: 42.7031px;\"><\/td>\n<\/tr>\n<tr>\n<td style=\"width: 245.297px;\"><\/td>\n<td style=\"width: 42.7031px;\"><\/td>\n<\/tr>\n<tr>\n<td style=\"width: 245.297px;\">bada\u00adnie lekar\u00adskie z&nbsp;CBCT (tomo\u00adgraf szcze\u00adki i&nbsp;\u017cuchwy)<\/td>\n<td style=\"width: 42.7031px;\">400 z\u0142<\/td>\n<\/tr>\n<tr>\n<td style=\"width: 245.297px;\">wysta\u00adwie\u00adnie za\u015bwiad\u00adcze\u00adnia do zabie\u00adgu na pod\u00adsta\u00adwie&nbsp;CBCT<\/td>\n<td style=\"width: 42.7031px;\">400 z\u0142<\/td>\n<\/tr>\n<\/tbody>\n<\/table>\n<p>[\/et_pb_toggle][et_pb_toggle title=\u201cProfilaktyka\u201d open_toggle_text_color=\u201c#000000\u201d open_toggle_background_color=\u201d#FFFFFF\u201d closed_toggle_text_color=\u201d#FFFFFF\u201d closed_toggle_background_color=\u201c#cab199\u201d icon_color=\u201d#FFFFFF\u201d open_icon_color=\u201c#000000\u201d module_class=\u201ccennik\u201d _builder_version=\u201c4.19.4\u201d _module_preset=\u201cdefault\u201d title_text_color=\u201c#000000\u201d title_font=\u201d|700|||||||\u201d title_font_size=\u201c31px\u201d title_line_height=\u201c32px\u201d body_font=\u201d|300|||||||\u201d custom_css_main_element=\u201cfont-family: halcom,sans-serif;||font-style: normal;||transition: .3s ease-in-out;\u201d border_width_all=\u201c0px\u201d border_style_all=\u201cnone\u201d global_colors_info=\u201d{}\u201d]<\/p>\n<table>\n<tbody>\n<tr>\n<td style=\"width: 251.375px;\"><span>ska\u00adling + pia\u00adsko\u00adwa\u00adnie + fluoryzacja<\/span><\/td>\n<td style=\"width: 42.75px;\">400 z\u0142<\/td>\n<\/tr>\n<tr>\n<td style=\"width: 251.375px;\"><span>lako\u00adwa\u00adnie&nbsp;bruzd<\/span><\/td>\n<td style=\"width: 42.75px;\">100 z\u0142<\/td>\n<\/tr>\n<\/tbody>\n<\/table>\n<p>[\/et_pb_toggle][et_pb_toggle title=\u201cLeczenie Zacho\u00adwaw\u00adcze\u201d open_toggle_text_color=\u201c#000000\u201d open_toggle_background_color=\u201d#FFFFFF\u201d closed_toggle_text_color=\u201d#FFFFFF\u201d closed_toggle_background_color=\u201c#cab199\u201d icon_color=\u201d#FFFFFF\u201d open_icon_color=\u201c#000000\u201d module_class=\u201ccennik\u201d _builder_version=\u201c4.24.0\u201d _module_preset=\u201cdefault\u201d title_text_color=\u201c#000000\u201d title_font=\u201d|700|||||||\u201d title_font_size=\u201c31px\u201d title_line_height=\u201c32px\u201d body_font=\u201d|300|||||||\u201d custom_css_main_element=\u201cfont-family: halcom,sans-serif;||font-style: normal;||transition: .3s ease-in-out;\u201d border_width_all=\u201c0px\u201d border_style_all=\u201cnone\u201d global_colors_info=\u201d{}\u201d]<\/p>\n<p>Znie\u00adczu\u00adle\u00adnie w&nbsp;cenie.<\/p>\n<table>\n<tbody>\n<tr>\n<td style=\"width: 251.375px;\"><span>wype\u0142\u00adnie\u00adnie&nbsp;ma\u0142e<\/span><\/td>\n<td style=\"width: 42.75px;\">400 z\u0142<\/td>\n<\/tr>\n<tr>\n<td style=\"width: 251.375px;\"><span>wype\u0142\u00adnie\u00adnie \u015brednie<\/span><\/td>\n<td style=\"width: 42.75px;\">450 z\u0142<\/td>\n<\/tr>\n<tr>\n<td style=\"width: 251.375px;\"><span>wypel\u00adnie\u00adnie&nbsp;du\u017ce<\/span><\/td>\n<td style=\"width: 42.75px;\">500 z\u0142<\/td>\n<\/tr>\n<tr>\n<td style=\"width: 251.375px;\"><span>wype\u0142\u00adnie\u00adnie w&nbsp;z\u0119bie mlecznym<\/span><span><br><\/span><\/td>\n<td style=\"width: 42.75px;\">400 z\u0142<\/td>\n<\/tr>\n<\/tbody>\n<\/table>\n<p>[\/et_pb_toggle][et_pb_toggle title=\u201cLeczenie Endo\u00addon\u00adtycz\u00adne\u201d open_toggle_text_color=\u201c#000000\u201d open_toggle_background_color=\u201d#FFFFFF\u201d closed_toggle_text_color=\u201d#FFFFFF\u201d closed_toggle_background_color=\u201c#cab199\u201d icon_color=\u201d#FFFFFF\u201d open_icon_color=\u201c#000000\u201d module_class=\u201ccennik\u201d _builder_version=\u201c4.24.0\u201d _module_preset=\u201cdefault\u201d title_text_color=\u201c#000000\u201d title_font=\u201d|700|||||||\u201d title_font_size=\u201c31px\u201d title_line_height=\u201c32px\u201d body_font=\u201d|300|||||||\u201d hover_enabled=\u201c0\u201d custom_css_main_element=\u201cfont-family: halcom,sans-serif;||font-style: normal;||transition: .3s ease-in-out;\u201d border_width_all=\u201c0px\u201d border_style_all=\u201cnone\u201d global_colors_info=\u201d{}\u201d sticky_enabled=\u201c0\u201d]<\/p>\n<p>&nbsp;<\/p>\n<table width=\"405\" height=\"364\">\n<tbody>\n<tr>\n<td style=\"width: 334.109px;\">(wype\u0142\u00adnie\u00adnie kom\u00adpo\u00adzy\u00adto\u00adwe wli\u00adczo\u00adne w&nbsp;cen\u0119)<\/td>\n<td style=\"width: 54.8906px;\"><\/td>\n<\/tr>\n<tr>\n<td style=\"width: 334.109px;\"><strong>pier\u00adwot\u00adne<\/strong><\/td>\n<td style=\"width: 54.8906px;\"><\/td>\n<\/tr>\n<tr>\n<td style=\"width: 334.109px;\">z\u0105b 1&nbsp;kana\u0142owy<\/td>\n<td style=\"width: 54.8906px;\">1100 z\u0142<\/td>\n<\/tr>\n<tr>\n<td style=\"width: 334.109px;\">z\u0105b 2&nbsp;kana\u0142owy<\/td>\n<td style=\"width: 54.8906px;\">1300 z\u0142<\/td>\n<\/tr>\n<tr>\n<td style=\"width: 334.109px;\">z\u0105b 3&nbsp;i wie\u00adcej kana\u0142\u00f3w<\/td>\n<td style=\"width: 54.8906px;\">1700 z\u0142<\/td>\n<\/tr>\n<tr>\n<td style=\"width: 334.109px;\"><strong>wt\u00f3r\u00adne<\/strong><\/td>\n<td style=\"width: 54.8906px;\"><\/td>\n<\/tr>\n<tr>\n<td style=\"width: 334.109px;\">z\u0105b 1&nbsp;kana\u0142owy<\/td>\n<td style=\"width: 54.8906px;\">1200 z\u0142<\/td>\n<\/tr>\n<tr>\n<td style=\"width: 334.109px;\">z\u0105b 2&nbsp;kana\u0142owy<\/td>\n<td style=\"width: 54.8906px;\">1400 z\u0142<\/td>\n<\/tr>\n<tr>\n<td style=\"width: 334.109px;\">z\u0105b 3&nbsp;i wie\u00adcej kana\u0142\u00f3w<\/td>\n<td style=\"width: 54.8906px;\">1800 z\u0142<\/td>\n<\/tr>\n<tr>\n<td style=\"width: 334.109px;\">usu\u00adni\u0119\u00adcie wk\u0142a\u00addu koronowo-korzeniowy<\/td>\n<td style=\"width: 54.8906px;\">800 z\u0142<\/td>\n<\/tr>\n<tr>\n<td style=\"width: 334.109px;\">usu\u00adni\u0119\u00adcie z\u0142a\u00adma\u00adne\u00adgo narz\u0119\u00addzia (bypass)<\/td>\n<td style=\"width: 54.8906px;\">600 z\u0142<\/td>\n<\/tr>\n<tr>\n<td style=\"width: 334.109px;\">zamkni\u0119\u00adcie perforacji<\/td>\n<td style=\"width: 54.8906px;\">400<\/td>\n<\/tr>\n<\/tbody>\n<\/table>\n<p>[\/et_pb_toggle][et_pb_toggle title=\u201cLeczenie Pro\u00adte\u00adtycz\u00adne\u201d open_toggle_text_color=\u201c#000000\u201d open_toggle_background_color=\u201d#FFFFFF\u201d closed_toggle_text_color=\u201d#FFFFFF\u201d closed_toggle_background_color=\u201c#cab199\u201d icon_color=\u201d#FFFFFF\u201d open_icon_color=\u201c#000000\u201d module_class=\u201ccennik\u201d _builder_version=\u201c4.24.0\u201d _module_preset=\u201cdefault\u201d title_text_color=\u201c#000000\u201d title_font=\u201d|700|||||||\u201d title_font_size=\u201c31px\u201d title_line_height=\u201c32px\u201d body_font=\u201d|300|||||||\u201d hover_enabled=\u201c0\u201d custom_css_main_element=\u201cfont-family: halcom,sans-serif;||font-style: normal;||transition: .3s ease-in-out;\u201d border_width_all=\u201c0px\u201d border_style_all=\u201cnone\u201d global_colors_info=\u201d{}\u201d sticky_enabled=\u201c0\u201d]<\/p>\n<p>&nbsp;<\/p>\n<table style=\"height: 862px; width: 1153px;\">\n<tbody>\n<tr style=\"height: 24px;\">\n<td style=\"height: 24px; width: 972.641px;\">wk\u0142ad koro\u00adno\u00adwo-korze\u00adnio\u00adwy<\/td>\n<td style=\"height: 24px; width: 164.359px;\">800 z\u0142<\/td>\n<\/tr>\n<tr style=\"height: 24px;\">\n<td style=\"height: 24px; width: 972.641px;\">koro\u00adna pe\u0142\u00adno\u00adce\u00adra\u00admicz\u00adna na metalu<\/td>\n<td style=\"height: 24px; width: 164.359px;\">2000 z\u0142<\/td>\n<\/tr>\n<tr style=\"height: 24px;\">\n<td style=\"height: 24px; width: 972.641px;\">koro\u00adna pe\u0142\u00adno\u00adce\u00adra\u00admicz\u00adna na cyrkonie<\/td>\n<td style=\"height: 24px; width: 164.359px;\">2000 z\u0142<\/td>\n<\/tr>\n<tr style=\"height: 24px;\">\n<td style=\"height: 24px; width: 972.641px;\">koro\u00adna kompozytowa<\/td>\n<td style=\"height: 24px; width: 164.359px;\">1100 z\u0142<\/td>\n<\/tr>\n<tr style=\"height: 24px;\">\n<td style=\"height: 24px; width: 972.641px;\">lic\u00f3w\u00adka pe\u0142moceramiczna<\/td>\n<td style=\"height: 24px; width: 164.359px;\">2000 z\u0142<\/td>\n<\/tr>\n<tr style=\"height: 24px;\">\n<td style=\"height: 24px; width: 972.641px;\">koro\u00adna tym\u00adcza\u00adso\u00adwa wyko\u00adny\u00adwa\u00adna w&nbsp;gabinecie<\/td>\n<td style=\"height: 24px; width: 164.359px;\">100 z\u0142<\/td>\n<\/tr>\n<tr style=\"height: 24px;\">\n<td style=\"height: 24px; width: 972.641px;\">koro\u00adna tym\u00adcza\u00adso\u00adwa wyko\u00adna\u00adna przez technika<\/td>\n<td style=\"height: 24px; width: 164.359px;\">300 z\u0142<\/td>\n<\/tr>\n<tr style=\"height: 24px;\">\n<td style=\"height: 24px; width: 972.641px;\">pro\u00adte\u00adza akry\u00adlo\u00adwa (cena za&nbsp;\u0142uk)<\/td>\n<td style=\"height: 24px; width: 164.359px;\">2000 z\u0142<\/td>\n<\/tr>\n<tr style=\"height: 24px;\">\n<td style=\"height: 24px; width: 972.641px;\">pro\u00adte\u00adza szkie\u00adle\u00adto\u00adwa (cena za&nbsp;\u0142uk)<\/td>\n<td style=\"height: 24px; width: 164.359px;\">3500 z\u0142<\/td>\n<\/tr>\n<tr style=\"height: 24px;\">\n<td style=\"height: 24px; width: 972.641px;\">pro\u00adte\u00adza PEEK (cena za&nbsp;\u0142uk)<\/td>\n<td style=\"height: 24px; width: 164.359px;\">4000 z\u0142<\/td>\n<\/tr>\n<tr>\n<td style=\"width: 972.641px;\">Pro\u00adte\u00adza overdenture<\/td>\n<td style=\"width: 164.359px;\">3500 z\u0142<\/td>\n<\/tr>\n<tr style=\"height: 24px;\">\n<td style=\"height: 24px; width: 972.641px;\">dosta\u00adwie\u00adnie z\u0119ba do protezy<\/td>\n<td style=\"height: 24px; width: 164.359px;\">400 z\u0142<\/td>\n<\/tr>\n<tr style=\"height: 24px;\">\n<td style=\"height: 24px; width: 972.641px;\">zatrzask \/ zasuwa<\/td>\n<td style=\"height: 24px; width: 164.359px;\">1400 z\u0142<\/td>\n<\/tr>\n<tr style=\"height: 24px;\">\n<td style=\"height: 24px; width: 972.641px;\">napra\u00adwa protezy<\/td>\n<td style=\"height: 24px; width: 164.359px;\">400 z\u0142<\/td>\n<\/tr>\n<tr style=\"height: 24px;\">\n<td style=\"height: 24px; width: 972.641px;\">siat\u00adka wzmacniaj\u0105ca<\/td>\n<td style=\"height: 24px; width: 164.359px;\">350 z\u0142<\/td>\n<\/tr>\n<tr style=\"height: 24px;\">\n<td style=\"height: 24px; width: 972.641px;\">\u0142uk wzmac\u00adnia\u00adj\u0105\u00adcy<\/td>\n<td style=\"height: 24px; width: 164.359px;\">550 z\u0142<\/td>\n<\/tr>\n<tr style=\"height: 24px;\">\n<td style=\"height: 24px; width: 972.641px;\">szy\u00adna relaksacyjna<\/td>\n<td style=\"height: 24px; width: 164.359px;\">1000 z\u0142<\/td>\n<\/tr>\n<tr style=\"height: 24px;\">\n<td style=\"height: 24px; width: 972.641px;\">pomiar GERBERA, wyko\u00adny\u00adwa\u00adny przez technika<\/td>\n<td style=\"height: 24px; width: 164.359px;\">1100 z\u0142<\/td>\n<\/tr>\n<tr style=\"height: 24px;\">\n<td style=\"height: 24px; width: 972.641px;\">pro\u00adte\u00adza natychmiastowa<\/td>\n<td style=\"height: 24px; width: 164.359px;\">700 z\u0142<\/td>\n<\/tr>\n<tr style=\"height: 24px;\">\n<td style=\"height: 24px; width: 972.641px;\">szy\u00adna pod\u00adno\u00adsz\u0105\u00adca zwarcie<\/td>\n<td style=\"height: 24px; width: 164.359px;\">800 z\u0142<\/td>\n<\/tr>\n<tr style=\"height: 24px;\">\n<td style=\"height: 24px; width: 972.641px;\">demon\u00adta\u017c korony<\/td>\n<td style=\"height: 24px; width: 164.359px;\">300 z\u0142<\/td>\n<\/tr>\n<tr style=\"height: 24px;\">\n<td style=\"height: 24px; width: 972.641px;\">usu\u00adnie\u00adcie wk\u0142a\u00addu koronowo-korzeniowego<\/td>\n<td style=\"height: 24px; width: 164.359px;\">800 z\u0142<\/td>\n<\/tr>\n<\/tbody>\n<\/table>\n<p>[\/et_pb_toggle][et_pb_toggle title=\u201cChirurgia\u201d open_toggle_text_color=\u201c#000000\u201d open_toggle_background_color=\u201d#FFFFFF\u201d closed_toggle_text_color=\u201d#FFFFFF\u201d closed_toggle_background_color=\u201c#cab199\u201d icon_color=\u201d#FFFFFF\u201d open_icon_color=\u201c#000000\u201d module_class=\u201ccennik\u201d _builder_version=\u201c4.24.0\u201d _module_preset=\u201cdefault\u201d title_text_color=\u201c#000000\u201d title_font=\u201d|700|||||||\u201d title_font_size=\u201c31px\u201d title_line_height=\u201c32px\u201d body_font=\u201d|300|||||||\u201d hover_enabled=\u201c0\u201d custom_css_main_element=\u201cfont-family: halcom,sans-serif;||font-style: normal;||transition: .3s ease-in-out;\u201d border_width_all=\u201c0px\u201d border_style_all=\u201cnone\u201d global_colors_info=\u201d{}\u201d sticky_enabled=\u201c0\u201d]<\/p>\n<table style=\"width: 1152px;\" height=\"213\">\n<tbody>\n<tr>\n<td style=\"width: 957.406px;\">\n<div id=\"replybody1\">\n<div>\n<p>Usu\u00adni\u0119\u00adcie z\u0119ba 1\u20132 korzeniowego<\/p>\n<\/div>\n<\/div>\n<\/td>\n<td style=\"width: 178.594px;\">400 z\u0142<\/td>\n<\/tr>\n<tr>\n<td style=\"width: 957.406px;\">Usu\u00adni\u0119\u00adcie z\u0119ba 3\u20134 korzeniowego<\/td>\n<td style=\"width: 178.594px;\">450 z\u0142<\/td>\n<\/tr>\n<tr>\n<td style=\"width: 957.406px;\">Usu\u00adni\u0119\u00adcie z\u0119ba mlecznego<\/td>\n<td style=\"width: 178.594px;\">200 z\u0142<\/td>\n<\/tr>\n<tr>\n<td style=\"width: 957.406px;\">Usu\u00adni\u0119\u00adcie chirurgiczne<\/td>\n<td style=\"width: 178.594px;\">550z\u0142<\/td>\n<\/tr>\n<\/tbody>\n<\/table>\n<p>[\/et_pb_toggle][et_pb_toggle title=\u201cRadiologia\u201d open_toggle_text_color=\u201c#000000\u201d open_toggle_background_color=\u201d#FFFFFF\u201d closed_toggle_text_color=\u201d#FFFFFF\u201d closed_toggle_background_color=\u201c#cab199\u201d icon_color=\u201d#FFFFFF\u201d open_icon_color=\u201c#000000\u201d module_class=\u201ccennik\u201d _builder_version=\u201c4.24.0\u201d _module_preset=\u201cdefault\u201d title_text_color=\u201c#000000\u201d title_font=\u201d|700|||||||\u201d title_font_size=\u201c31px\u201d title_line_height=\u201c32px\u201d body_font=\u201d|300|||||||\u201d hover_enabled=\u201c0\u201d custom_css_main_element=\u201cfont-family: halcom,sans-serif;||font-style: normal;||transition: .3s ease-in-out;\u201d border_width_all=\u201c0px\u201d border_style_all=\u201cnone\u201d global_colors_info=\u201d{}\u201d sticky_enabled=\u201c0\u201d]<\/p>\n<table width=\"239\" height=\"297\">\n<tbody>\n<tr>\n<td style=\"width: 190.234px;\">(nie wyko\u00adnu\u00adje\u00admy punk\u00adto\u00adwych zdj\u0119\u0107 RTG dla innych gabinet\u00f3w)<\/td>\n<td style=\"width: 32.7656px;\"><\/td>\n<\/tr>\n<tr>\n<td style=\"width: 190.234px;\"><strong>OPG <\/strong>zdj\u0119\u00adcie panoramiczne<\/td>\n<td style=\"width: 32.7656px;\">100 z\u0142<\/td>\n<\/tr>\n<tr>\n<td style=\"width: 190.234px;\"><strong>CBCT tomo\u00adgraf komputerowy<\/strong><\/td>\n<td style=\"width: 32.7656px;\"><\/td>\n<\/tr>\n<tr>\n<td style=\"width: 190.234px;\">punk\u00adto\u00adwe<\/td>\n<td style=\"width: 32.7656px;\">150 z\u0142<\/td>\n<\/tr>\n<tr>\n<td style=\"width: 190.234px;\">szcz\u0119\u00adki i&nbsp;\u017cuchwy<\/td>\n<td style=\"width: 32.7656px;\">400 z\u0142<\/td>\n<\/tr>\n<\/tbody>\n<\/table>\n<p>[\/et_pb_toggle][et_pb_toggle title=\u201cWybielanie\u201d open_toggle_text_color=\u201c#000000\u201d open_toggle_background_color=\u201d#FFFFFF\u201d closed_toggle_text_color=\u201d#FFFFFF\u201d closed_toggle_background_color=\u201c#cab199\u201d icon_color=\u201d#FFFFFF\u201d open_icon_color=\u201c#000000\u201d module_class=\u201ccennik\u201d _builder_version=\u201c4.24.0\u201d _module_preset=\u201cdefault\u201d title_text_color=\u201c#000000\u201d title_font=\u201d|700|||||||\u201d title_font_size=\u201c31px\u201d title_line_height=\u201c32px\u201d body_font=\u201d|300|||||||\u201d hover_enabled=\u201c0\u201d custom_css_main_element=\u201cfont-family: halcom,sans-serif;||font-style: normal;||transition: .3s ease-in-out;\u201d border_width_all=\u201c0px\u201d border_style_all=\u201cnone\u201d global_colors_info=\u201d{}\u201d sticky_enabled=\u201c0\u201d]<\/p>\n<table>\n<tbody>\n<tr>\n<td>wybie\u00adla\u00adnie nak\u0142adkowe<\/td>\n<td>1000 z\u0142<\/td>\n<\/tr>\n<\/tbody>\n<\/table>\n<p>[\/et_pb_toggle][\/et_pb_column][\/et_pb_row][\/et_pb_section]<\/p>\n","protected":false},"excerpt":{"rendered":"<p>Cen\u00adnik\u00adCen\u00adnik\u00adPrzyj\u00admu\u00adje\u00admy p\u0142at\u00adno\u00ad\u015bci kar\u00adt\u0105, doli\u00adcza\u00admy 5% pro\u00adwi\u00adzji do ka\u017c\u00addej transakcji.Przyjmujemy pacjen\u00adt\u00f3w od 12 roku \u017cycia.&nbsp; bada\u00adnie lekar\u00adskie z&nbsp;CBCT (tomo\u00adgraf szcze\u00adki i&nbsp;\u017cuchwy) 400 z\u0142 wysta\u00adwie\u00adnie za\u015bwiad\u00adcze\u00adnia do zabie\u00adgu na pod\u00adsta\u00adwie CBCT 400 z\u0142 ska\u00adling + pia\u00adsko\u00adwa\u00adnie + flu\u00adory\u00adza\u00adcja 400 z\u0142 lako\u00adwa\u00adnie bruzd 100 z\u0142 Znie\u00adczu\u00adle\u00adnie w&nbsp;cenie. wype\u0142\u00adnie\u00adnie ma\u0142e 400 z\u0142 wype\u0142\u00adnie\u00adnie \u015bred\u00adnie 450&nbsp;z\u0142&nbsp;[\u2026]<\/p>\n","protected":false},"author":1,"featured_media":0,"parent":0,"menu_order":0,"comment_status":"closed","ping_status":"closed","template":"","meta":{"_et_pb_use_builder":"on","_et_pb_old_content":"","_et_gb_content_width":"","inline_featured_image":false,"wp_typography_post_enhancements_disabled":false,"footnotes":""},"class_list":["post-82","page","type-page","status-publish","hentry"],"_links":{"self":[{"href":"https:\/\/gdakdent.pl\/index.php\/wp-json\/wp\/v2\/pages\/82","targetHints":{"allow":["GET"]}}],"collection":[{"href":"https:\/\/gdakdent.pl\/index.php\/wp-json\/wp\/v2\/pages"}],"about":[{"href":"https:\/\/gdakdent.pl\/index.php\/wp-json\/wp\/v2\/types\/page"}],"author":[{"embeddable":true,"href":"https:\/\/gdakdent.pl\/index.php\/wp-json\/wp\/v2\/users\/1"}],"replies":[{"embeddable":true,"href":"https:\/\/gdakdent.pl\/index.php\/wp-json\/wp\/v2\/comments?post=82"}],"version-history":[{"count":53,"href":"https:\/\/gdakdent.pl\/index.php\/wp-json\/wp\/v2\/pages\/82\/revisions"}],"predecessor-version":[{"id":349,"href":"https:\/\/gdakdent.pl\/index.php\/wp-json\/wp\/v2\/pages\/82\/revisions\/349"}],"wp:attachment":[{"href":"https:\/\/gdakdent.pl\/index.php\/wp-json\/wp\/v2\/media?parent=82"}],"curies":[{"name":"wp","href":"https:\/\/api.w.org\/{rel}","templated":true}]}}