{"id":78,"date":"2022-10-31T17:09:13","date_gmt":"2022-10-31T16:09:13","guid":{"rendered":"http:\/\/gdakdent.pl\/?page_id=78"},"modified":"2023-06-15T11:56:36","modified_gmt":"2023-06-15T09:56:36","slug":"nasz-zespol","status":"publish","type":"page","link":"https:\/\/gdakdent.pl\/index.php\/nasz-zespol\/","title":{"rendered":"Nasz Zesp\u00f3\u0142"},"content":{"rendered":"<p>[et_pb_section fb_built=\u201c1\u201d custom_padding_last_edited=\u201con|phone\u201d _builder_version=\u201c4.19.5\u201d _module_preset=\u201cdefault\u201d background_color=\u201c#CAB199\u201d background_image=\u201chttp:\/\/gdakdent.pl\/wp-content\/uploads\/2022\/10\/GdakDent-18-scaled.jpg\u201d background_blend=\u201cmultiply\u201d custom_margin_tablet=\u201d\u201d custom_margin_phone=\u201c0px||0px||false|false\u201d custom_margin_last_edited=\u201con|phone\u201d custom_padding_tablet=\u201d\u201d custom_padding_phone=\u201c0px||0px||false|false\u201d global_colors_info=\u201d{}\u201d][et_pb_row column_structure=\u201c2_5,3_5\u201d use_custom_gutter=\u201con\u201d custom_padding_last_edited=\u201con|phone\u201d _builder_version=\u201c4.19.5\u201d _module_preset=\u201cdefault\u201d background_enable_color=\u201coff\u201d background_enable_image=\u201coff\u201d background_blend=\u201cmultiply\u201d custom_padding=\u201c160px||180px||false|false\u201d custom_padding_tablet=\u201c160px||180px||false|false\u201d custom_padding_phone=\u201c0px|0px|30px|0px|false|false\u201d global_colors_info=\u201d{}\u201d][et_pb_column type=\u201c2_5\u201d _builder_version=\u201c4.19.4\u201d _module_preset=\u201cdefault\u201d background_enable_color=\u201coff\u201d background_enable_image=\u201coff\u201d background_blend=\u201cmultiply\u201d custom_padding=\u201c80px|0px|60px|0px|false|false\u201d global_colors_info=\u201d{}\u201d][et_pb_image src=\u201chttp:\/\/gdakdent.pl\/wp-content\/uploads\/2022\/11\/A7304231_pp\u20113.jpg\u201d title_text=\u201cA7304231_pp\u201d _builder_version=\u201c4.19.4\u201d _module_preset=\u201cdefault\u201d background_color=\u201d#FFFFFF\u201d custom_margin=\u201c0px|0px|0px|0px|false|false\u201d custom_padding=\u201c30px|30px|30px|30px|false|false\u201d global_colors_info=\u201d{}\u201d][\/et_pb_image][et_pb_text _builder_version=\u201c4.19.4\u201d _module_preset=\u201cdefault\u201d header_font=\u201d|800|||||||\u201d header_font_size=\u201c65px\u201d header_line_height=\u201c72px\u201d header_3_font=\u201d||||||||\u201d header_3_text_align=\u201ccenter\u201d header_3_text_color=\u201d#85715d\u201d header_3_font_size=\u201c28px\u201d header_3_line_height=\u201c34px\u201d background_color=\u201d#FFFFFF\u201d custom_margin=\u201c0px||||false|false\u201d custom_padding=\u201c0px||30px||false|false\u201d custom_css_main_element=\u201cfont-family: halcom,sans-serif;||font-weight: 900;||font-style: nor\u00admal;\u201d global_colors_info=\u201d{}\u201d]<\/p>\n<h3>dr Ma\u0142gorzata Gdak<\/h3>\n<p>[\/et_pb_text][\/et_pb_column][et_pb_column type=\u201c3_5\u201d _builder_version=\u201c4.19.5\u201d _module_preset=\u201cdefault\u201d custom_padding=\u201c0px|30px||30px|false|false\u201d custom_padding_tablet=\u201c0px|30px||30px|false|false\u201d custom_padding_phone=\u201c0px|0px||0px|false|false\u201d custom_padding_last_edited=\u201con|phone\u201d global_colors_info=\u201d{}\u201d][et_pb_text _builder_version=\u201c4.20.4\u201d _module_preset=\u201cdefault\u201d header_font=\u201d|800|||||||\u201d header_font_size=\u201c40px\u201d header_line_height=\u201c48px\u201d custom_css_main_element=\u201cfont-family: halcom,sans-serif;||font-weight: 900;||font-style: nor\u00admal;\u201d global_colors_info=\u201d{}\u201d]<\/p>\n<h1>Dr Ma\u0142gorzata Gdak<\/h1>\n<p>[\/et_pb_text][et_pb_text _builder_version=\u201c4.18.1\u201d _module_preset=\u201cdefault\u201d header_font=\u201d|800|||||||\u201d header_font_size=\u201c65px\u201d header_line_height=\u201c72px\u201d header_3_font=\u201d|600|||||||\u201d header_3_font_size=\u201c28px\u201d header_3_line_height=\u201c34px\u201d custom_css_main_element=\u201cfont-family: halcom,sans-serif;||font-weight: 900;||font-style: nor\u00admal;\u201d global_colors_info=\u201d{}\u201d]<\/p>\n<h3>Lekarz stomatologii<\/h3>\n<p>[\/et_pb_text][et_pb_text _builder_version=\u201c4.18.1\u201d _module_preset=\u201cdefault\u201d text_text_color=\u201c#000000\u201d header_font=\u201d|800|||||||\u201d header_font_size=\u201c65px\u201d header_line_height=\u201c72px\u201d header_3_font=\u201d|600|||||||\u201d header_3_font_size=\u201c28px\u201d header_3_line_height=\u201c34px\u201d custom_css_main_element=\u201cfont-family: halcom,sans-serif;||font-weight: 400;||font-style: nor\u00admal;\u201d global_colors_info=\u201d{}\u201d]<\/p>\n<p>To nie b\u0119dzie kolej\u00adna histo\u00adria o&nbsp;prze\u00adby\u00adtych kur\u00adsach, boga\u00adtym do\u015bwiad\u00adcze\u00adniu, czy o&nbsp;spe\u00adcja\u00adli\u00adza\u00adcjach. Opo\u00adwiem moj\u0105 histo\u00adri\u0119 zupe\u0142\u00adnie w&nbsp;inny spos\u00f3b.<\/p>\n<p>Sto\u00adma\u00adto\u00adlo\u00adgi\u0105 inte\u00adre\u00adso\u00adwa\u00ad\u0142am si\u0119 od zawsze \u2014 i&nbsp;nie jest to na wyrost, bo ju\u017c jako 6\u2011latka wie\u00addzia\u00ad\u0142am, \u017ce to jest to. W&nbsp;mojej rodzi\u00adnie nikt nigdy nie by\u0142 zwi\u0105\u00adza\u00adny z&nbsp;medy\u00adcy\u00adn\u0105, dla\u00adte\u00adgo tym bar\u00addziej wybra\u00adnie takiej dro\u00adgi jest nie\u00adty\u00adpo\u00adwe. Ca\u0142y ten czas d\u0105\u017cy\u00ad\u0142am do spe\u0142\u00adnie\u00adnia swo\u00adje\u00adgo marzenia.<\/p>\n<p>Sko\u0144\u00adczy\u00ad\u0142am sto\u00adma\u00adto\u00adlo\u00adgi\u0119 na Uni\u00adwer\u00adsy\u00adte\u00adcie Medycz\u00adnym w&nbsp;\u0141odzi. By\u0142 to okres napraw\u00add\u0119 inten\u00adsyw\u00adnej pra\u00adcy i&nbsp;naby\u00adwa\u00adnia nowych umie\u00adj\u0119t\u00adno\u00ad\u015bci. Z&nbsp;per\u00adspek\u00adty\u00adwy cza\u00adsu jestem z&nbsp;sie\u00adbie bar\u00addzo dum\u00adna, \u017ce uda\u00ad\u0142o mi si\u0119 dopi\u0105\u0107 swe\u00adgo, ponie\u00adwa\u017c stu\u00addia cho\u0107 bar\u00addzo inspi\u00adru\u00adj\u0105\u00adce, nie nale\u00ad\u017ca\u00ad\u0142y do naj\u0142atwiejszych.<\/p>\n<p>Pra\u00adca z&nbsp;mikro\u00adsko\u00adpem jest bar\u00addzo wa\u017c\u00adna w&nbsp;nowo\u00adcze\u00adsnej sto\u00adma\u00adto\u00adlo\u00adgii, a&nbsp;ja chcia\u00ad\u0142am, by moi pacjen\u00adci wycho\u00addzi\u00adli z&nbsp;fan\u00adta\u00adstycz\u00adny\u00admi efek\u00adta\u00admi lecze\u00adnia. Ta meto\u00adda pozwa\u00adla na wi\u0119k\u00adsz\u0105 pre\u00adcy\u00adzj\u0119 dzia\u00ad\u0142a\u0144. Po kil\u00adku latach zbie\u00adra\u00adnia do\u015bwiad\u00adcze\u00adnia zde\u00adcy\u00addo\u00adwa\u00ad\u0142am si\u0119 na to, aby zapra\u00adsza\u0107 moich pacjen\u00adt\u00f3w do GDAKDENT. Stwo\u00adrzy\u00ad\u0142am miej\u00adsce dla ka\u017c\u00adde\u00adgo \u2014 to w\u0142a\u00ad\u015bnie tutaj z&nbsp;nale\u00ad\u017cy\u00adt\u0105 sta\u00adran\u00adno\u00ad\u015bci\u0105, otwar\u00adto\u00ad\u015bci\u0105 i&nbsp;sfo\u00adku\u00adso\u00adwa\u00adniem na pro\u00adblem pacjen\u00adta przyjmuje.<\/p>\n<p>Wycho\u00addz\u0119 z&nbsp;za\u0142o\u00ad\u017ce\u00adnia, \u017ce dobra pra\u00adca sama si\u0119 obro\u00adni, a&nbsp;wie\u00addza i&nbsp;nowo\u00adcze\u00adsny sprz\u0119t to nie wszyst\u00adko. W&nbsp;ka\u017c\u00addym z&nbsp;gabi\u00adne\u00adt\u00f3w potrze\u00adba tak\u00ad\u017ce ser\u00adca, cier\u00adpli\u00adwo\u00ad\u015bci i&nbsp;wyro\u00adzu\u00admia\u00ad\u0142o\u00ad\u015bci dla sie\u00adbie, ale przede wszyst\u00adkim pacjent\u00f3w.<\/p>\n<p>Nie mog\u0119 tu nie wspo\u00admnie\u0107 o&nbsp;moim zespo\u00adle, kt\u00f3\u00adry na co dzie\u0144 jest dla mnie wspa\u00adnia\u00ad\u0142ym wsparciem.<\/p>\n<p>Odwied\u017a nasz gabi\u00adnet i&nbsp;poznaj zupe\u0142\u00adnie inny, nowy wymiar stomatologii.<\/p>\n<p>[\/et_pb_text][\/et_pb_column][\/et_pb_row][\/et_pb_section][et_pb_section fb_built=\u201c1\u201d _builder_version=\u201c4.19.0\u201d _module_preset=\u201cdefault\u201d background_color=\u201c#CAB199\u201d background_image=\u201chttp:\/\/gdakdent.pl\/wp-content\/uploads\/2022\/10\/GdakDent-11-scaled.jpg\u201d background_blend=\u201cmultiply\u201d global_colors_info=\u201d{}\u201d][et_pb_row column_structure=\u201c1_2,1_2\u201d use_custom_gutter=\u201con\u201d gutter_width=\u201c4\u201d make_equal=\u201con\u201d custom_padding_last_edited=\u201con|phone\u201d _builder_version=\u201c4.19.5\u201d _module_preset=\u201cdefault\u201d background_enable_color=\u201coff\u201d background_enable_image=\u201coff\u201d background_blend=\u201cmultiply\u201d custom_padding=\u201c180px||180px||false|false\u201d custom_padding_tablet=\u201c180px||180px||false|false\u201d custom_padding_phone=\u201c30px||30px||false|false\u201d global_colors_info=\u201d{}\u201d][et_pb_column type=\u201c1_2\u201d _builder_version=\u201c4.19.5\u201d _module_preset=\u201cdefault\u201d background_color=\u201d#FFFFFF\u201d background_enable_image=\u201coff\u201d background_blend=\u201cmultiply\u201d custom_padding=\u201c30px|30px|60px|30px|false|false\u201d global_colors_info=\u201d{}\u201d][et_pb_image src=\u201chttp:\/\/gdakdent.pl\/wp-content\/uploads\/2022\/10\/A7304183_pp.jpg\u201d title_text=\u201cA7304183_pp\u201d _builder_version=\u201c4.19.0\u201d _module_preset=\u201cdefault\u201d global_colors_info=\u201d{}\u201d][\/et_pb_image][et_pb_text _builder_version=\u201c4.19.0\u201d _module_preset=\u201cdefault\u201d header_font=\u201d|800|||||||\u201d header_font_size=\u201c65px\u201d header_line_height=\u201c72px\u201d header_3_font=\u201d||||||||\u201d header_3_text_align=\u201ccenter\u201d header_3_text_color=\u201d#85715d\u201d header_3_font_size=\u201c28px\u201d header_3_line_height=\u201c34px\u201d custom_margin=\u201c30px||||false|false\u201d custom_css_main_element=\u201cfont-family: halcom,sans-serif;||font-weight: 900;||font-style: nor\u00admal;\u201d global_colors_info=\u201d{}\u201d]<\/p>\n<h3>hig. stom. Ewelina Safandowska<\/h3>\n<p>[\/et_pb_text][\/et_pb_column][et_pb_column type=\u201c1_2\u201d _builder_version=\u201c4.18.1\u201d _module_preset=\u201cdefault\u201d background_color=\u201d#FFFFFF\u201d background_enable_image=\u201coff\u201d background_blend=\u201cmultiply\u201d custom_padding=\u201c30px|30px|60px|30px|false|false\u201d global_colors_info=\u201d{}\u201d][et_pb_image src=\u201chttp:\/\/gdakdent.pl\/wp-content\/uploads\/2022\/10\/A7304193_pp.jpg\u201d title_text=\u201cA7304193_pp\u201d _builder_version=\u201c4.19.0\u201d _module_preset=\u201cdefault\u201d global_colors_info=\u201d{}\u201d][\/et_pb_image][et_pb_text _builder_version=\u201c4.19.0\u201d _module_preset=\u201cdefault\u201d header_font=\u201d|800|||||||\u201d header_font_size=\u201c65px\u201d header_line_height=\u201c72px\u201d header_3_font=\u201d||||||||\u201d header_3_text_align=\u201ccenter\u201d header_3_text_color=\u201d#85715d\u201d header_3_font_size=\u201c28px\u201d header_3_line_height=\u201c34px\u201d custom_margin=\u201c30px||||false|false\u201d custom_css_main_element=\u201cfont-family: halcom,sans-serif;||font-weight: 900;||font-style: nor\u00admal;\u201d global_colors_info=\u201d{}\u201d]<\/p>\n<h3>asyst. stom. Anna Kucharska<\/h3>\n<p>[\/et_pb_text][\/et_pb_column][\/et_pb_row][\/et_pb_section]<\/p>\n","protected":false},"excerpt":{"rendered":"<p>dr Ma\u0142\u00adgo\u00adrza\u00adta GdakDr Ma\u0142\u00adgo\u00adrza\u00adta Gda\u00adkLe\u00adkarz sto\u00adma\u00adto\u00adlo\u00adgii\u00adTo nie b\u0119dzie kolej\u00adna histo\u00adria o&nbsp;prze\u00adby\u00adtych kur\u00adsach, boga\u00adtym do\u015bwiad\u00adcze\u00adniu, czy o&nbsp;spe\u00adcja\u00adli\u00adza\u00adcjach. Opo\u00adwiem moj\u0105 histo\u00adri\u0119 zupe\u0142\u00adnie w&nbsp;inny spo\u00ads\u00f3b. Sto\u00adma\u00adto\u00adlo\u00adgi\u0105 inte\u00adre\u00adso\u00adwa\u00ad\u0142am si\u0119 od zawsze \u2014 i&nbsp;nie jest to na wyrost, bo ju\u017c jako 6\u2011latka wie\u00addzia\u00ad\u0142am, \u017ce to jest to. W&nbsp;mojej rodzi\u00adnie nikt nigdy nie by\u0142 zwi\u0105\u00adza\u00adny&nbsp;z&nbsp;[\u2026]<\/p>\n","protected":false},"author":1,"featured_media":0,"parent":0,"menu_order":0,"comment_status":"closed","ping_status":"closed","template":"","meta":{"_et_pb_use_builder":"on","_et_pb_old_content":"","_et_gb_content_width":"","inline_featured_image":false,"wp_typography_post_enhancements_disabled":false,"footnotes":""},"class_list":["post-78","page","type-page","status-publish","hentry"],"_links":{"self":[{"href":"https:\/\/gdakdent.pl\/index.php\/wp-json\/wp\/v2\/pages\/78","targetHints":{"allow":["GET"]}}],"collection":[{"href":"https:\/\/gdakdent.pl\/index.php\/wp-json\/wp\/v2\/pages"}],"about":[{"href":"https:\/\/gdakdent.pl\/index.php\/wp-json\/wp\/v2\/types\/page"}],"author":[{"embeddable":true,"href":"https:\/\/gdakdent.pl\/index.php\/wp-json\/wp\/v2\/users\/1"}],"replies":[{"embeddable":true,"href":"https:\/\/gdakdent.pl\/index.php\/wp-json\/wp\/v2\/comments?post=78"}],"version-history":[{"count":11,"href":"https:\/\/gdakdent.pl\/index.php\/wp-json\/wp\/v2\/pages\/78\/revisions"}],"predecessor-version":[{"id":307,"href":"https:\/\/gdakdent.pl\/index.php\/wp-json\/wp\/v2\/pages\/78\/revisions\/307"}],"wp:attachment":[{"href":"https:\/\/gdakdent.pl\/index.php\/wp-json\/wp\/v2\/media?parent=78"}],"curies":[{"name":"wp","href":"https:\/\/api.w.org\/{rel}","templated":true}]}}