{"id":73,"date":"2022-10-31T16:57:12","date_gmt":"2022-10-31T15:57:12","guid":{"rendered":"http:\/\/gdakdent.pl\/?page_id=73"},"modified":"2023-06-14T02:16:30","modified_gmt":"2023-06-14T00:16:30","slug":"o-nas","status":"publish","type":"page","link":"https:\/\/gdakdent.pl\/index.php\/o-nas\/","title":{"rendered":"O Nas"},"content":{"rendered":"<p>[et_pb_section fb_built=\u201c1\u201d _builder_version=\u201c4.18.1\u201d _module_preset=\u201cdefault\u201d global_colors_info=\u201d{}\u201d][et_pb_row column_structure=\u201c1_2,1_2\u201d use_custom_gutter=\u201con\u201d make_equal=\u201con\u201d disabled_on=\u201con|on|off\u201d _builder_version=\u201c4.20.1\u201d _module_preset=\u201cdefault\u201d width=\u201c100%\u201d max_width=\u201c100%\u201d global_colors_info=\u201d{}\u201d][et_pb_column type=\u201c1_2\u201d _builder_version=\u201c4.20.1\u201d _module_preset=\u201cdefault\u201d custom_padding=\u201c120px|120px|120px|120px|false|false\u201d global_colors_info=\u201d{}\u201d][et_pb_text _builder_version=\u201c4.18.1\u201d _module_preset=\u201cdefault\u201d header_font=\u201d|800|||||||\u201d header_font_size=\u201c65px\u201d header_line_height=\u201c72px\u201d custom_css_main_element=\u201cfont-family: halcom,sans-serif;||font-weight: 900;||font-style: nor\u00admal;\u201d global_colors_info=\u201d{}\u201d]<\/p>\n<h1>O nas<\/h1>\n<p>[\/et_pb_text][et_pb_text _builder_version=\u201c4.18.1\u201d _module_preset=\u201cdefault\u201d header_font=\u201d|800|||||||\u201d header_font_size=\u201c65px\u201d header_line_height=\u201c72px\u201d header_3_font=\u201d|600|||||||\u201d header_3_font_size=\u201c28px\u201d header_3_line_height=\u201c34px\u201d custom_css_main_element=\u201cfont-family: halcom,sans-serif;||font-weight: 900;||font-style: nor\u00admal;\u201d global_colors_info=\u201d{}\u201d]<\/p>\n<h3>poznaj nas bli\u017cej<\/h3>\n<p>[\/et_pb_text][et_pb_text _builder_version=\u201c4.18.1\u201d _module_preset=\u201cdefault\u201d header_font=\u201d|800|||||||\u201d header_font_size=\u201c65px\u201d header_line_height=\u201c72px\u201d header_3_font=\u201d|600|||||||\u201d header_3_font_size=\u201c28px\u201d header_3_line_height=\u201c34px\u201d custom_css_main_element=\u201cfont-family: halcom,sans-serif;||font-weight: 400;||font-style: nor\u00admal;\u201d global_colors_info=\u201d{}\u201d]<\/p>\n<p>Two\u00adrz\u0105c nasz gabi\u00adnet chcie\u00adli\u00ad\u015bmy, by by\u0142o to miej\u00adsce w&nbsp;kt\u00f3\u00adrym zgra\u00adny i&nbsp;otwar\u00adty na pacjen\u00adta per\u00adso\u00adnel, ka\u017c\u00adde\u00adgo dnia z&nbsp;pasj\u0105 i&nbsp;zaan\u00adga\u00ad\u017co\u00adwa\u00adniem sta\u00adwi czo\u00ad\u0142a naj\u00adtrud\u00adniej\u00adszym wyzwa\u00adniom.<br>W <strong>GDAKDENT<\/strong> znaj\u00addziesz do\u015bwiad\u00adczo\u00adny zesp\u00f3\u0142 i&nbsp;nowo\u00adcze\u00adsny sprz\u0119t.<\/p>\n<p>Dzi\u0119\u00adki aktu\u00adal\u00adnej wie\u00addzy, wyso\u00adkim kwa\u00adli\u00adfi\u00adka\u00adcjom jeste\u00ad\u015bmy w&nbsp;sta\u00adnie ura\u00adto\u00adwa\u0107 pra\u00adwie ka\u017c\u00addy z\u0105b. <br>Wyso\u00adka jako\u015b\u0107 us\u0142ug jest dla nas priorytetem.<\/p>\n<p>Budu\u00adje\u00admy zaufa\u00adnie i&nbsp;utrzy\u00admu\u00adje\u00admy dobre rela\u00adcje z&nbsp;pacjen\u00adta\u00admi, po to, by czu\u00adli si\u0119 u&nbsp;nas bez\u00adpiecz\u00adnie, a&nbsp;wizy\u00adta u&nbsp;sto\u00adma\u00adto\u00adlo\u00adga nie koja\u00adrzy\u00ad\u0142a si\u0119 z&nbsp;przy\u00adkr\u0105 konieczno\u015bci\u0105.<\/p>\n<p>Lecze\u00adniem zaj\u00admu\u00adje si\u0119 <strong>dr Ma\u0142\u00adgo\u00adrza\u00adta Gdak<\/strong>, kt\u00f3\u00adra uko\u0144\u00adczy\u00ad\u0142a Uni\u00adwer\u00adsy\u00adtet Medycz\u00adny w&nbsp;\u0141odzi. Ponad <strong>10-let\u00adnie do\u015bwiad\u00adcze\u00adnie<\/strong>, uko\u0144\u00adcze\u00adnie licz\u00adnych kur\u00ads\u00f3w jest gwa\u00adran\u00adtem, \u017ce znaj\u00addziesz si\u0119 w&nbsp;dobrych r\u0119kach.<\/p>\n<p>\u015awiad\u00adczy\u00admy us\u0142u\u00adgi z&nbsp;zakre\u00adsu: <br>- Lecze\u00adnia endo\u00addon\u00adtycz\u00adne\u00adgo <br>- Lecze\u00adnia zacho\u00adwaw\u00adcze\u00adgo <br>- Chi\u00adrur\u00adgii sto\u00adma\u00adto\u00adlo\u00adgicz\u00adnej <br>- Lecze\u00adnia pro\u00adte\u00adtycz\u00adne\u00adgo <br>- Pro\u00adfi\u00adlak\u00adty\u00adki <br>- Dia\u00adgno\u00adsty\u00adki radio\u00adlo\u00adgicz\u00adnej z&nbsp;wyko\u00adrzy\u00adsta\u00adniem naj\u00adwy\u017c\u00adszej kla\u00adsy tomo\u00adgra\u00adfii komputerowej.<\/p>\n<p>Aktu\u00adal\u00adnie jeste\u00ad\u015bmy jed\u00adnym z&nbsp;nie\u00adlicz\u00adnych gabi\u00adne\u00adt\u00f3w sto\u00adma\u00adto\u00adlo\u00adgicz\u00adnych w&nbsp;oko\u00adli\u00adcach W\u0142o\u00adc\u0142aw\u00adka, Kowa\u00adla i&nbsp;Gosty\u00adni\u00adna, kt\u00f3\u00adre wyko\u00adnu\u00adj\u0105 <strong>lecze\u00adnie pod mikro\u00adsko\u00adpem<\/strong>. Sto\u00adma\u00adto\u00adlo\u00adgia mikro\u00adsko\u00adpo\u00adwa to <strong>przy\u00adsz\u0142o\u015b\u0107<\/strong>. Zabie\u00adgi s\u0105 wyko\u00adny\u00adwa\u00adne <strong>bez b\u00f3lu i&nbsp;powi\u00adk\u0142a\u0144<\/strong>.<\/p>\n<p>Pacjent wybie\u00adra\u00adj\u0105c lecze\u00adnie z&nbsp;udzia\u00ad\u0142em mikro\u00adsko\u00adpu nie tyl\u00adko daje sobie szan\u00ads\u0119 na oszcz\u0119d\u00adno\u015b\u0107 pie\u00adni\u0119\u00addzy, ale te\u017c oszcz\u0119\u00addza sw\u00f3j czas. Nowo\u00adcze\u00adsny sprz\u0119t pozwa\u00adla na to, by Two\u00adje pro\u00adble\u00admy z&nbsp;uz\u0119\u00adbie\u00adniem zosta\u00ad\u0142y roz\u00adwi\u0105\u00adza\u00adne szyb\u00adko i&nbsp;precyzyjnie.<\/p>\n<p>W naszym gabi\u00adne\u00adcie przed roz\u00adpo\u00adcz\u0119\u00adciem lecze\u00adnia wyko\u00adnu\u00adje\u00admy dia\u00adgno\u00adsty\u00adk\u0119 radio\u00adlo\u00adgicz\u00adn\u0105, kt\u00f3\u00adra pozwa\u00adla na dog\u0142\u0119b\u00adne pozna\u00adnie pro\u00adble\u00admu z\u0119bo\u00adwe\u00adgo. Indy\u00adwi\u00addu\u00adal\u00adnie two\u00adrzy\u00admy plan lecze\u00adnia Two\u00adich&nbsp;z\u0119b\u00f3w.<\/p>\n<p>Zobacz nasz gabinet!<\/p>\n<p>[\/et_pb_text][et_pb_button button_url=\u201d\/index.php\/galeria\/\u201d button_text=\u201cZobacz gabi\u00adnet\u201d _builder_version=\u201c4.21.0\u201d _module_preset=\u201cdefault\u201d custom_button=\u201con\u201d button_text_color=\u201d#ffffff\u201d button_bg_color=\u201c#a99179\u201d button_border_width=\u201c2px\u201d button_border_color=\u201c#a99179\u201d button_border_radius=\u201c40px\u201d button_font=\u201d|600|||||||\u201d button_use_icon=\u201coff\u201d custom_margin=\u201c40px||30px||false|false\u201d custom_padding=\u201c16px|12%|16px|12%|false|true\u201d hover_enabled=\u201c0\u201d custom_css_main_element=\u201cfont-family: halcom,sans-serif;||font-weight: 500;||font-style: nor\u00admal;\u201d global_colors_info=\u201d{}\u201d button_border_color__hover_enabled=\u201con|desktop\u201d button_bg_color__hover_enabled=\u201con|hover\u201d button_bg_color__hover=\u201d#FFFFFF\u201d button_bg_enable_color__hover=\u201con\u201d button_text_color__hover_enabled=\u201con|hover\u201d button_text_color__hover=\u201c#a99179\u201d button_border_color__hover=\u201c#a99179\u201d sticky_enabled=\u201c0\u201d][\/et_pb_button][\/et_pb_column][et_pb_column type=\u201c1_2\u201d _builder_version=\u201c4.19.0\u201d _module_preset=\u201cdefault\u201d background_image=\u201chttp:\/\/gdakdent.pl\/wp-content\/uploads\/2022\/11\/A7304278_pp-scaled.jpg\u201d global_colors_info=\u201d{}\u201d][\/et_pb_column][\/et_pb_row][et_pb_row column_structure=\u201c1_2,1_2\u201d use_custom_gutter=\u201con\u201d make_equal=\u201con\u201d disabled_on=\u201coff|off|on\u201d _builder_version=\u201c4.19.5\u201d _module_preset=\u201cdefault\u201d width=\u201c100%\u201d max_width=\u201c100%\u201d global_colors_info=\u201d{}\u201d][et_pb_column type=\u201c1_2\u201d _builder_version=\u201c4.19.0\u201d _module_preset=\u201cdefault\u201d background_image=\u201chttp:\/\/gdakdent.pl\/wp-content\/uploads\/2022\/11\/A7304278_pp-scaled.jpg\u201d global_colors_info=\u201d{}\u201d][et_pb_divider show_divider=\u201coff\u201d _builder_version=\u201c4.19.5\u201d _module_preset=\u201cdefault\u201d height=\u201c60vh\u201d global_colors_info=\u201d{}\u201d][\/et_pb_divider][\/et_pb_column][et_pb_column type=\u201c1_2\u201d _builder_version=\u201c4.19.5\u201d _module_preset=\u201cdefault\u201d custom_padding=\u201c30px|30px|0px|30px|false|false\u201d custom_padding_last_edited=\u201coff|phone\u201d global_colors_info=\u201d{}\u201d][et_pb_text _builder_version=\u201c4.20.1\u201d _module_preset=\u201cdefault\u201d header_font=\u201d|800|||||||\u201d header_font_size=\u201c65px\u201d header_line_height=\u201c48px\u201d custom_margin=\u201c0px||0px||false|false\u201d custom_padding=\u201c0px||0px||false|false\u201d custom_css_main_element=\u201cfont-family: halcom,sans-serif;||font-weight: 900;||font-style: nor\u00admal;\u201d global_colors_info=\u201d{}\u201d]<\/p>\n<h1>O nas<\/h1>\n<p>[\/et_pb_text][et_pb_text _builder_version=\u201c4.18.1\u201d _module_preset=\u201cdefault\u201d header_font=\u201d|800|||||||\u201d header_font_size=\u201c65px\u201d header_line_height=\u201c72px\u201d header_3_font=\u201d|600|||||||\u201d header_3_font_size=\u201c28px\u201d header_3_line_height=\u201c34px\u201d custom_css_main_element=\u201cfont-family: halcom,sans-serif;||font-weight: 900;||font-style: nor\u00admal;\u201d global_colors_info=\u201d{}\u201d]<\/p>\n<h3>poznaj nas bli\u017cej<\/h3>\n<p>[\/et_pb_text][et_pb_text _builder_version=\u201c4.18.1\u201d _module_preset=\u201cdefault\u201d header_font=\u201d|800|||||||\u201d header_font_size=\u201c65px\u201d header_line_height=\u201c72px\u201d header_3_font=\u201d|600|||||||\u201d header_3_font_size=\u201c28px\u201d header_3_line_height=\u201c34px\u201d custom_css_main_element=\u201cfont-family: halcom,sans-serif;||font-weight: 400;||font-style: nor\u00admal;\u201d global_colors_info=\u201d{}\u201d]<\/p>\n<p>Two\u00adrz\u0105c nasz gabi\u00adnet chcie\u00adli\u00ad\u015bmy, by by\u0142o to miej\u00adsce w&nbsp;kt\u00f3\u00adrym zgra\u00adny i&nbsp;otwar\u00adty na pacjen\u00adta per\u00adso\u00adnel, ka\u017c\u00adde\u00adgo dnia z&nbsp;pasj\u0105 i&nbsp;zaan\u00adga\u00ad\u017co\u00adwa\u00adniem sta\u00adwi czo\u00ad\u0142a naj\u00adtrud\u00adniej\u00adszym wyzwa\u00adniom.<br>W <strong>GDAKDENT<\/strong> znaj\u00addziesz do\u015bwiad\u00adczo\u00adny zesp\u00f3\u0142 i&nbsp;nowo\u00adcze\u00adsny sprz\u0119t.<\/p>\n<p>Dzi\u0119\u00adki aktu\u00adal\u00adnej wie\u00addzy, wyso\u00adkim kwa\u00adli\u00adfi\u00adka\u00adcjom jeste\u00ad\u015bmy w&nbsp;sta\u00adnie ura\u00adto\u00adwa\u0107 pra\u00adwie ka\u017c\u00addy z\u0105b. <br>Wyso\u00adka jako\u015b\u0107 us\u0142ug jest dla nas priorytetem.<\/p>\n<p>Budu\u00adje\u00admy zaufa\u00adnie i&nbsp;utrzy\u00admu\u00adje\u00admy dobre rela\u00adcje z&nbsp;pacjen\u00adta\u00admi, po to, by czu\u00adli si\u0119 u&nbsp;nas bez\u00adpiecz\u00adnie, a&nbsp;wizy\u00adta u&nbsp;sto\u00adma\u00adto\u00adlo\u00adga nie koja\u00adrzy\u00ad\u0142a si\u0119 z&nbsp;przy\u00adkr\u0105 konieczno\u015bci\u0105.<\/p>\n<p>Lecze\u00adniem zaj\u00admu\u00adje si\u0119 <strong>dr Ma\u0142\u00adgo\u00adrza\u00adta Gdak<\/strong>, kt\u00f3\u00adra uko\u0144\u00adczy\u00ad\u0142a Uni\u00adwer\u00adsy\u00adtet Medycz\u00adny w&nbsp;\u0141odzi. Ponad <strong>10-let\u00adnie do\u015bwiad\u00adcze\u00adnie<\/strong>, uko\u0144\u00adcze\u00adnie licz\u00adnych kur\u00ads\u00f3w jest gwa\u00adran\u00adtem, \u017ce znaj\u00addziesz si\u0119 w&nbsp;dobrych r\u0119kach.<\/p>\n<p>\u015awiad\u00adczy\u00admy us\u0142u\u00adgi z&nbsp;zakre\u00adsu: <br>- Lecze\u00adnia endo\u00addon\u00adtycz\u00adne\u00adgo <br>- Lecze\u00adnia zacho\u00adwaw\u00adcze\u00adgo <br>- Chi\u00adrur\u00adgii sto\u00adma\u00adto\u00adlo\u00adgicz\u00adnej <br>- Lecze\u00adnia pro\u00adte\u00adtycz\u00adne\u00adgo <br>- Pro\u00adfi\u00adlak\u00adty\u00adki <br>- Dia\u00adgno\u00adsty\u00adki radio\u00adlo\u00adgicz\u00adnej z&nbsp;wyko\u00adrzy\u00adsta\u00adniem naj\u00adwy\u017c\u00adszej kla\u00adsy tomo\u00adgra\u00adfii komputerowej.<\/p>\n<p>Aktu\u00adal\u00adnie jeste\u00ad\u015bmy jed\u00adnym z&nbsp;nie\u00adlicz\u00adnych gabi\u00adne\u00adt\u00f3w sto\u00adma\u00adto\u00adlo\u00adgicz\u00adnych w&nbsp;oko\u00adli\u00adcach W\u0142o\u00adc\u0142aw\u00adka, Kowa\u00adla i&nbsp;Gosty\u00adni\u00adna, kt\u00f3\u00adre wyko\u00adnu\u00adj\u0105 <strong>lecze\u00adnie pod mikro\u00adsko\u00adpem<\/strong>. Sto\u00adma\u00adto\u00adlo\u00adgia mikro\u00adsko\u00adpo\u00adwa to <strong>przy\u00adsz\u0142o\u015b\u0107<\/strong>. Zabie\u00adgi s\u0105 wyko\u00adny\u00adwa\u00adne <strong>bez b\u00f3lu i&nbsp;powi\u00adk\u0142a\u0144<\/strong>.<\/p>\n<p>Pacjent wybie\u00adra\u00adj\u0105c lecze\u00adnie z&nbsp;udzia\u00ad\u0142em mikro\u00adsko\u00adpu nie tyl\u00adko daje sobie szan\u00ads\u0119 na oszcz\u0119d\u00adno\u015b\u0107 pie\u00adni\u0119\u00addzy, ale te\u017c oszcz\u0119\u00addza sw\u00f3j czas. Nowo\u00adcze\u00adsny sprz\u0119t pozwa\u00adla na to, by Two\u00adje pro\u00adble\u00admy z&nbsp;uz\u0119\u00adbie\u00adniem zosta\u00ad\u0142y roz\u00adwi\u0105\u00adza\u00adne szyb\u00adko i&nbsp;precyzyjnie.<\/p>\n<p>W naszym gabi\u00adne\u00adcie przed roz\u00adpo\u00adcz\u0119\u00adciem lecze\u00adnia wyko\u00adnu\u00adje\u00admy dia\u00adgno\u00adsty\u00adk\u0119 radio\u00adlo\u00adgicz\u00adn\u0105, kt\u00f3\u00adra pozwa\u00adla na dog\u0142\u0119b\u00adne pozna\u00adnie pro\u00adble\u00admu z\u0119bo\u00adwe\u00adgo. Indy\u00adwi\u00addu\u00adal\u00adnie two\u00adrzy\u00admy plan lecze\u00adnia Two\u00adich&nbsp;z\u0119b\u00f3w.<\/p>\n<p>Zobacz nasz gabinet!<\/p>\n<p>[\/et_pb_text][et_pb_button button_text=\u201cZobacz gabi\u00adnet\u201d button_alignment=\u201ccenter\u201d _builder_version=\u201c4.21.0\u201d _module_preset=\u201cdefault\u201d custom_button=\u201con\u201d button_text_color=\u201d#ffffff\u201d button_bg_color=\u201c#a99179\u201d button_border_width=\u201c2px\u201d button_border_color=\u201c#a99179\u201d button_border_radius=\u201c40px\u201d button_font=\u201d|600|||||||\u201d button_use_icon=\u201coff\u201d custom_margin=\u201c40px||30px||false|false\u201d custom_padding=\u201c16px|60px|16px|60px|false|false\u201d hover_enabled=\u201c0\u201d custom_css_main_element=\u201cfont-family: halcom,sans-serif;||font-weight: 500;||font-style: nor\u00admal;\u201d global_colors_info=\u201d{}\u201d button_border_color__hover_enabled=\u201con|desktop\u201d button_bg_color__hover_enabled=\u201con|hover\u201d button_bg_color__hover=\u201d#FFFFFF\u201d button_bg_enable_color__hover=\u201con\u201d button_text_color__hover_enabled=\u201con|hover\u201d button_text_color__hover=\u201c#a99179\u201d button_border_color__hover=\u201c#a99179\u201d sticky_enabled=\u201c0\u201d button_url=\u201d\/index.php\/galeria\/\u201d][\/et_pb_button][\/et_pb_column][\/et_pb_row][\/et_pb_section]<\/p>\n","protected":false},"excerpt":{"rendered":"<p>O naspo\u00adznaj nas bli\u00ad\u017cej\u00adTwo\u00adrz\u0105c nasz gabi\u00adnet chcie\u00adli\u00ad\u015bmy, by by\u0142o to miej\u00adsce w&nbsp;kt\u00f3\u00adrym zgra\u00adny i&nbsp;otwar\u00adty na pacjen\u00adta per\u00adso\u00adnel, ka\u017c\u00adde\u00adgo dnia z&nbsp;pasj\u0105 i&nbsp;zaan\u00adga\u00ad\u017co\u00adwa\u00adniem sta\u00adwi czo\u00ad\u0142a naj\u00adtrud\u00adniej\u00adszym wyzwaniom.W GDAKDENT znaj\u00addziesz do\u015bwiad\u00adczo\u00adny zesp\u00f3\u0142 i&nbsp;nowo\u00adcze\u00adsny sprz\u0119t. Dzi\u0119\u00adki aktu\u00adal\u00adnej wie\u00addzy, wyso\u00adkim kwa\u00adli\u00adfi\u00adka\u00adcjom jeste\u00ad\u015bmy w&nbsp;sta\u00adnie ura\u00adto\u00adwa\u0107 pra\u00adwie ka\u017c\u00addy z\u0105b. Wyso\u00adka jako\u015b\u0107 us\u0142ug jest dla nas priorytetem.&nbsp;[\u2026]<\/p>\n","protected":false},"author":1,"featured_media":0,"parent":0,"menu_order":0,"comment_status":"closed","ping_status":"closed","template":"","meta":{"_et_pb_use_builder":"on","_et_pb_old_content":"","_et_gb_content_width":"","inline_featured_image":false,"wp_typography_post_enhancements_disabled":false,"footnotes":""},"class_list":["post-73","page","type-page","status-publish","hentry"],"_links":{"self":[{"href":"https:\/\/gdakdent.pl\/index.php\/wp-json\/wp\/v2\/pages\/73","targetHints":{"allow":["GET"]}}],"collection":[{"href":"https:\/\/gdakdent.pl\/index.php\/wp-json\/wp\/v2\/pages"}],"about":[{"href":"https:\/\/gdakdent.pl\/index.php\/wp-json\/wp\/v2\/types\/page"}],"author":[{"embeddable":true,"href":"https:\/\/gdakdent.pl\/index.php\/wp-json\/wp\/v2\/users\/1"}],"replies":[{"embeddable":true,"href":"https:\/\/gdakdent.pl\/index.php\/wp-json\/wp\/v2\/comments?post=73"}],"version-history":[{"count":9,"href":"https:\/\/gdakdent.pl\/index.php\/wp-json\/wp\/v2\/pages\/73\/revisions"}],"predecessor-version":[{"id":304,"href":"https:\/\/gdakdent.pl\/index.php\/wp-json\/wp\/v2\/pages\/73\/revisions\/304"}],"wp:attachment":[{"href":"https:\/\/gdakdent.pl\/index.php\/wp-json\/wp\/v2\/media?parent=73"}],"curies":[{"name":"wp","href":"https:\/\/api.w.org\/{rel}","templated":true}]}}